{"id":113,"date":"2024-07-26T12:09:27","date_gmt":"2024-07-26T12:09:27","guid":{"rendered":"https:\/\/new-art.cigolla.ch\/?page_id=113"},"modified":"2024-07-29T12:21:04","modified_gmt":"2024-07-29T10:21:04","slug":"ueber-mich","status":"publish","type":"page","link":"https:\/\/art-cigolla.ch\/index.php\/ueber-mich\/","title":{"rendered":"\u00dcber mich"},"content":{"rendered":"\n<h2 class=\"wp-block-heading has-text-align-center\"><strong>Portrait Raffaela Cigolla<\/strong><\/h2>\n\n\n\n<figure data-wp-context=\"{&quot;imageId&quot;:&quot;69e45f9ba31cf&quot;}\" data-wp-interactive=\"core\/image\" data-wp-key=\"69e45f9ba31cf\" class=\"wp-block-image aligncenter size-medium is-style-rounded is-style-rounded--2 wp-lightbox-container\"><img loading=\"lazy\" decoding=\"async\" width=\"300\" height=\"300\" data-wp-class--hide=\"state.isContentHidden\" data-wp-class--show=\"state.isContentVisible\" data-wp-init=\"callbacks.setButtonStyles\" data-wp-on--click=\"actions.showLightbox\" data-wp-on--load=\"callbacks.setButtonStyles\" data-wp-on-window--resize=\"callbacks.setButtonStyles\" src=\"https:\/\/art-cigolla.ch\/wp-content\/uploads\/2024\/07\/Foto_quadratisch_7-300x300.jpg\" alt=\"\" class=\"wp-image-185\" srcset=\"https:\/\/art-cigolla.ch\/wp-content\/uploads\/2024\/07\/Foto_quadratisch_7-300x300.jpg 300w, https:\/\/art-cigolla.ch\/wp-content\/uploads\/2024\/07\/Foto_quadratisch_7-1024x1024.jpg 1024w, https:\/\/art-cigolla.ch\/wp-content\/uploads\/2024\/07\/Foto_quadratisch_7-150x150.jpg 150w, https:\/\/art-cigolla.ch\/wp-content\/uploads\/2024\/07\/Foto_quadratisch_7-768x768.jpg 768w, https:\/\/art-cigolla.ch\/wp-content\/uploads\/2024\/07\/Foto_quadratisch_7.jpg 1080w\" sizes=\"auto, (max-width: 300px) 100vw, 300px\" \/><button\n\t\t\tclass=\"lightbox-trigger\"\n\t\t\ttype=\"button\"\n\t\t\taria-haspopup=\"dialog\"\n\t\t\taria-label=\"Vergr\u00f6ssern\"\n\t\t\tdata-wp-init=\"callbacks.initTriggerButton\"\n\t\t\tdata-wp-on--click=\"actions.showLightbox\"\n\t\t\tdata-wp-style--right=\"state.imageButtonRight\"\n\t\t\tdata-wp-style--top=\"state.imageButtonTop\"\n\t\t>\n\t\t\t<svg xmlns=\"http:\/\/www.w3.org\/2000\/svg\" width=\"12\" height=\"12\" fill=\"none\" viewBox=\"0 0 12 12\">\n\t\t\t\t<path fill=\"#fff\" d=\"M2 0a2 2 0 0 0-2 2v2h1.5V2a.5.5 0 0 1 .5-.5h2V0H2Zm2 10.5H2a.5.5 0 0 1-.5-.5V8H0v2a2 2 0 0 0 2 2h2v-1.5ZM8 12v-1.5h2a.5.5 0 0 0 .5-.5V8H12v2a2 2 0 0 1-2 2H8Zm2-12a2 2 0 0 1 2 2v2h-1.5V2a.5.5 0 0 0-.5-.5H8V0h2Z\" \/>\n\t\t\t<\/svg>\n\t\t<\/button><\/figure>\n\n\n\n<p>Ich liebe das unbeschwerte, freie Streunen durch die Natur und ich liebe die Kreativit\u00e4t, das Spiel mit Farben und Formen. Die Wurzeln dazu liegen in meiner Kindheit. 1958 erblickte ich als zweites Kind das Licht der Welt und wuchs in der N\u00e4he von Z\u00fcrich in einem alten, wenig komfortablen, daf\u00fcr grossem Haus mit viel Umschwung auf.<\/p>\n\n\n\n<p>In meiner engeren und weiteren Familie waren k\u00fcnstlerisches und kunsthandwerkliches Arbeiten gang und g\u00e4be, insbesondere die Malerei, aber auch Keramik und Keramikmalerei. So wuchs ich in einem Umfeld auf, dass meiner Phantasie wenig Grenzen setzte und wo ich schon fr\u00fch mit vielen Materialien, Farben und Formen spielen konnte.<\/p>\n\n\n\n<p>Nach der Erstausbildung zog es mich in die weite Welt und ich unternahm l\u00e4ngere Reisen durch S\u00fcdamerika, Asien und Nordafrika. Ich war immer sehr fasziniert von der Farben- und Formenvielfalt, die ich \u00fcberall, sei es in Museen, an Bauwerken oder im Alltag angetroffen habe. Vieles davon fliesst noch heute in meine Arbeiten ein.<\/p>\n\n\n\n<p>Viele Jahre intensive Berufst\u00e4tigkeit und Weiterbildungen liessen mir zwar wenig Zeit f\u00fcr k\u00fcnstlerisch-kreatives Arbeiten. Doch diese nutzte ich f\u00fcr plastisches Arbeiten mit Ton oder f\u00fcr Speckstein-Skulpturen, wof\u00fcr ich auch Kurse besuchte. Und auch aus Fach- und Kunstb\u00fcchern gewinne ich viel Inspiration, Techniken und Know how. Es bedeutet mir viel, meinen Freiraum zu wahren. Ich mag es sehr, einfach auszuprobieren, zu lernen und mich weiter zu entwickeln.<\/p>\n\n\n\n<p>2018 erstanden mein Mann und ich das zweit\u00e4lteste Haus von Jenaz, gebaut 1575. Wir renovierten es liebevoll mit viel Holz und versuchten, die alten Strukturen, wo immer m\u00f6glich, hervorzuholen und sie mit Neuem, Modernem zu kombinieren. So entstand unserer Traumhaus mit viel Raum f\u00fcr Kreativit\u00e4t. 2021 richtete ich das Keramikatelier im Nebengeb\u00e4ude unseres Hauses ein. Seither geniesse ich es sehr, mit Ton zu arbeiten und mich voll und ganz den Formen und Farben zu widmen. Ich habe einen Hang zu schwungvollen Linien und arbeite an der F\u00e4higkeit, Figuren von Menschen und Tieren abstrakter zu gestalten und ihnen so eine ganz eigene Ausdruckskraft und Bewegung zu verleihen.<\/p>\n","protected":false},"excerpt":{"rendered":"<p>Portrait Raffaela Cigolla Ich liebe das unbeschwerte, freie Streunen durch die Natur und ich liebe die Kreativit\u00e4t, das Spiel mit Farben und Formen. Die Wurzeln dazu liegen in meiner Kindheit. 1958 erblickte ich als zweites Kind das Licht der Welt und wuchs in der N\u00e4he von Z\u00fcrich in einem alten, wenig komfortablen, daf\u00fcr grossem Haus [&hellip;]<\/p>\n","protected":false},"author":1,"featured_media":0,"parent":0,"menu_order":0,"comment_status":"closed","ping_status":"closed","template":"","meta":{"footnotes":""},"class_list":["post-113","page","type-page","status-publish","hentry"],"_links":{"self":[{"href":"https:\/\/art-cigolla.ch\/index.php\/wp-json\/wp\/v2\/pages\/113","targetHints":{"allow":["GET"]}}],"collection":[{"href":"https:\/\/art-cigolla.ch\/index.php\/wp-json\/wp\/v2\/pages"}],"about":[{"href":"https:\/\/art-cigolla.ch\/index.php\/wp-json\/wp\/v2\/types\/page"}],"author":[{"embeddable":true,"href":"https:\/\/art-cigolla.ch\/index.php\/wp-json\/wp\/v2\/users\/1"}],"replies":[{"embeddable":true,"href":"https:\/\/art-cigolla.ch\/index.php\/wp-json\/wp\/v2\/comments?post=113"}],"version-history":[{"count":6,"href":"https:\/\/art-cigolla.ch\/index.php\/wp-json\/wp\/v2\/pages\/113\/revisions"}],"predecessor-version":[{"id":190,"href":"https:\/\/art-cigolla.ch\/index.php\/wp-json\/wp\/v2\/pages\/113\/revisions\/190"}],"wp:attachment":[{"href":"https:\/\/art-cigolla.ch\/index.php\/wp-json\/wp\/v2\/media?parent=113"}],"curies":[{"name":"wp","href":"https:\/\/api.w.org\/{rel}","templated":true}]}}